{"id":39,"date":"2022-03-19T17:19:52","date_gmt":"2022-03-19T17:19:52","guid":{"rendered":"https:\/\/tekstperfekt.dk.linux390.unoeuro-server.com\/?page_id=39"},"modified":"2023-03-14T15:26:04","modified_gmt":"2023-03-14T15:26:04","slug":"hjem","status":"publish","type":"page","link":"http:\/\/tekstperfekt.dk\/","title":{"rendered":"Hjem"},"content":{"rendered":"\n<div class=\"wp-block-cover alignfull is-light\" style=\"min-height:700px;aspect-ratio:unset;\"><span aria-hidden=\"true\" class=\"wp-block-cover__background has-nv-text-dark-bg-background-color has-background-dim-0 has-background-dim\"><\/span><img decoding=\"async\" class=\"wp-block-cover__image-background\" alt=\"\" src=\"https:\/\/tekstperfekt.dk.linux390.unoeuro-server.com\/wp-content\/themes\/neve\/assets\/img\/starter-content\/hero.jpg\" style=\"object-position:50% 0%\" data-object-fit=\"cover\" data-object-position=\"50% 0%\"\/><div class=\"wp-block-cover__inner-container is-layout-flow wp-block-cover-is-layout-flow\">\n<div style=\"height:80px\" aria-hidden=\"true\" class=\"wp-block-spacer\"><\/div>\n\n\n\n<h1 class=\"has-text-align-center has-text-color wp-block-heading\" style=\"color:#121212\">Grundig korrektur med \u00f8je for detaljen<\/h1>\n\n\n\n<p class=\"has-text-align-center has-text-color\" style=\"color:#121212;font-size:17px\">Korrektur, overs\u00e6ttelse og tekstredigering tilbydes til en god pris med hurtig levering.<\/p>\n\n\n\n<div class=\"wp-block-buttons is-content-justification-center is-layout-flex wp-container-core-buttons-is-layout-1 wp-block-buttons-is-layout-flex\">\n<div class=\"wp-block-button is-style-primary\"><a class=\"wp-block-button__link wp-element-button\" href=\"https:\/\/tekstperfekt.dk\/index.php\/kontakt\/\">KONTAKT<\/a><\/div>\n\n\n\n<div class=\"wp-block-button is-style-secondary\"><a class=\"wp-block-button__link wp-element-button\" href=\"https:\/\/tekstperfekt.dk\/index.php\/priser\/\">PRISER<\/a><\/div>\n<\/div>\n<\/div><\/div>\n\n\n\n<p><\/p>\n\n\n\n<h2 class=\"has-text-align-center wp-block-heading\">Kundeanbefalinger<\/h2>\n\n\n\n<div class=\"wp-block-columns is-layout-flex wp-container-core-columns-is-layout-1 wp-block-columns-is-layout-flex\">\n<div class=\"wp-block-column is-layout-flow wp-block-column-is-layout-flow\">\n<div class=\"wp-block-group is-style-plain has-neve-link-color-color has-text-color\" style=\"font-size:10px\"><div class=\"wp-block-group__inner-container is-layout-flow wp-block-group-is-layout-flow\">\n<p class=\"has-neve-link-color-color has-text-color\" style=\"font-size:15px;font-style:normal;font-weight:400\">At f\u00e5 Inas hj\u00e6lp til korrektur, har v\u00e6ret en af de bedste beslutninger nogensinde for mig i en skriveproces. Det gav mig nemlig ro og fokus til at arbejde med min tekst, fordi jeg vidste, at hun ville kunne sikre kvaliteten med falkeblik for sm\u00e5fejl, kommaer og uklare formuleringer. Som bonus er Ina meget behagelig, fleksibel og nem at arbejde med. K\u00e6mpe anbefaling herfra, hvis du \u00f8nsker et skud sindsro i arbejdet med dit skrevne produkt.<\/p>\n\n\n\n<p class=\"has-neve-link-hover-color-color has-text-color\" style=\"font-size:16px\"><em>Nadia Nikolajeva, digital r\u00e5dgiver, Navi Media<\/em><\/p>\n<\/div><\/div>\n\n\n\n<div style=\"height:20px\" aria-hidden=\"true\" class=\"wp-block-spacer\"><\/div>\n<\/div>\n\n\n\n<div class=\"wp-block-column is-layout-flow wp-block-column-is-layout-flow\">\n<div class=\"wp-block-group\"><div class=\"wp-block-group__inner-container is-layout-constrained wp-block-group-is-layout-constrained\">\n<div class=\"wp-block-group\"><div class=\"wp-block-group__inner-container is-layout-constrained wp-block-group-is-layout-constrained\">\n<p class=\"has-neve-link-color-color has-text-color\" style=\"font-size:15px\">Ina har l\u00e6st korrektur p\u00e5\u00a0Medietrends&#8217; tre seneste tendensrapporter, og jeg kan p\u00e5 det varmeste anbefale hende og hendes firma. Ina er knivskarp i grammatikken, og s\u00e5 har hun en sproglig forst\u00e5else og musikalitet, der l\u00f8fter korrekturen til mere end blot stensikre kommaer og stavelser. Og, n\u00e5 ja: Hun er ogs\u00e5 hurtig og fleksibel.<\/p>\n\n\n\n<p class=\"has-neve-link-hover-color-color has-text-color\" style=\"font-size:16px\"><em>Jan Birkemose, grundl\u00e6gger af Medietrends.dk<\/em><\/p>\n<\/div><\/div>\n<\/div><\/div>\n\n\n\n<div style=\"height:20px\" aria-hidden=\"true\" class=\"wp-block-spacer\"><\/div>\n<\/div>\n<\/div>\n\n\n\n<hr class=\"wp-block-separator has-alpha-channel-opacity\"\/>\n\n\n\n<div class=\"wp-block-group\"><div class=\"wp-block-group__inner-container is-layout-flow wp-block-group-is-layout-flow\">\n<div class=\"wp-block-columns is-layout-flex wp-container-core-columns-is-layout-2 wp-block-columns-is-layout-flex\">\n<div class=\"wp-block-column is-layout-flow wp-block-column-is-layout-flow\"><\/div>\n\n\n\n<div class=\"wp-block-column is-layout-flow wp-block-column-is-layout-flow\"><\/div>\n<\/div>\n\n\n\n<div class=\"wp-block-columns is-layout-flex wp-container-core-columns-is-layout-3 wp-block-columns-is-layout-flex\">\n<div class=\"wp-block-column is-layout-flow wp-block-column-is-layout-flow\" style=\"flex-basis:25%\">\n<figure class=\"wp-block-image is-resized\"><img loading=\"lazy\" decoding=\"async\" src=\"https:\/\/tekstperfekt.dk.linux390.unoeuro-server.com\/wp-content\/uploads\/2022\/03\/ina-edited-scaled.jpg\" alt=\"\" class=\"wp-image-84\" width=\"213\" height=\"283\" srcset=\"http:\/\/tekstperfekt.dk\/wp-content\/uploads\/2022\/03\/ina-edited-scaled.jpg 1917w, http:\/\/tekstperfekt.dk\/wp-content\/uploads\/2022\/03\/ina-edited-225x300.jpg 225w, http:\/\/tekstperfekt.dk\/wp-content\/uploads\/2022\/03\/ina-edited-767x1024.jpg 767w, http:\/\/tekstperfekt.dk\/wp-content\/uploads\/2022\/03\/ina-edited-1150x1536.jpg 1150w, http:\/\/tekstperfekt.dk\/wp-content\/uploads\/2022\/03\/ina-edited-1534x2048.jpg 1534w\" sizes=\"(max-width: 213px) 100vw, 213px\" \/><\/figure>\n\n\n\n<p><\/p>\n<\/div>\n\n\n\n<div class=\"wp-block-column is-layout-flow wp-block-column-is-layout-flow\" style=\"flex-basis:50%\">\n<p><\/p>\n\n\n\n<p style=\"font-size:16px\"><strong>Ina Nyrup Clausen,<\/strong> BA i litteraturvidenskab, K\u00f8benhavns Universitet og cand. scient. i milj\u00f8- og b\u00e6redygtighedsstudier, Lunds Universitet<\/p>\n\n\n\n<p style=\"font-size:15px\">Jeg er et af de mennesker, der retter kommafejl i s\u00f8vne og aldrig misser et nutids-r. Med min baggrund i litteraturvidenskab har jeg god forst\u00e5else for tekster og sprog. Jeg er let at samarbejde med, og du kan trygt overlade din tekst til mig. <\/p>\n\n\n\n<p><\/p>\n<\/div>\n\n\n\n<div class=\"wp-block-column is-layout-flow wp-block-column-is-layout-flow\" style=\"flex-basis:25%\"><\/div>\n<\/div>\n<\/div><\/div>\n\n\n\n<p><\/p>\n","protected":false},"excerpt":{"rendered":"<p>Kundeanbefalinger At f\u00e5 Inas hj\u00e6lp til korrektur, har v\u00e6ret en af de bedste beslutninger nogensinde for mig i en skriveproces. Det gav mig nemlig ro og fokus til at arbejde med min tekst, fordi jeg vidste, at hun ville kunne sikre kvaliteten med falkeblik for sm\u00e5fejl, kommaer og uklare formuleringer. Som bonus er Ina meget&hellip;&nbsp;<a href=\"http:\/\/tekstperfekt.dk\/\" class=\"\" rel=\"bookmark\">L\u00e6s mere &raquo;<span class=\"screen-reader-text\">Hjem<\/span><\/a><\/p>\n","protected":false},"author":1,"featured_media":0,"parent":0,"menu_order":0,"comment_status":"closed","ping_status":"closed","template":"","meta":{"neve_meta_sidebar":"","neve_meta_container":"","neve_meta_enable_content_width":"on","neve_meta_content_width":100,"neve_meta_title_alignment":"","neve_meta_author_avatar":"","neve_post_elements_order":"","neve_meta_disable_header":"","neve_meta_disable_footer":"","neve_meta_disable_title":"on","footnotes":""},"_links":{"self":[{"href":"http:\/\/tekstperfekt.dk\/index.php\/wp-json\/wp\/v2\/pages\/39"}],"collection":[{"href":"http:\/\/tekstperfekt.dk\/index.php\/wp-json\/wp\/v2\/pages"}],"about":[{"href":"http:\/\/tekstperfekt.dk\/index.php\/wp-json\/wp\/v2\/types\/page"}],"author":[{"embeddable":true,"href":"http:\/\/tekstperfekt.dk\/index.php\/wp-json\/wp\/v2\/users\/1"}],"replies":[{"embeddable":true,"href":"http:\/\/tekstperfekt.dk\/index.php\/wp-json\/wp\/v2\/comments?post=39"}],"version-history":[{"count":16,"href":"http:\/\/tekstperfekt.dk\/index.php\/wp-json\/wp\/v2\/pages\/39\/revisions"}],"predecessor-version":[{"id":173,"href":"http:\/\/tekstperfekt.dk\/index.php\/wp-json\/wp\/v2\/pages\/39\/revisions\/173"}],"wp:attachment":[{"href":"http:\/\/tekstperfekt.dk\/index.php\/wp-json\/wp\/v2\/media?parent=39"}],"curies":[{"name":"wp","href":"https:\/\/api.w.org\/{rel}","templated":true}]}}